{"id":6277,"date":"2025-11-26T23:30:07","date_gmt":"2025-11-26T23:30:07","guid":{"rendered":"https:\/\/fecar.org.br\/?page_id=6277"},"modified":"2025-11-26T23:30:07","modified_gmt":"2025-11-26T23:30:07","slug":"salva-vidas","status":"publish","type":"page","link":"https:\/\/fecar.org.br\/?page_id=6277","title":{"rendered":"Salva Vidas"},"content":{"rendered":"\t\t<div data-elementor-type=\"wp-page\" data-elementor-id=\"6277\" class=\"elementor elementor-6277\" data-elementor-post-type=\"page\">\n\t\t\t\t<div class=\"elementor-element elementor-element-4931bf1 e-flex e-con-boxed e-con e-parent\" data-id=\"4931bf1\" data-element_type=\"container\">\n\t\t\t\t\t<div class=\"e-con-inner\">\n\t\t\t\t<div class=\"elementor-element elementor-element-e1c12d2 elementor-widget elementor-widget-heading\" data-id=\"e1c12d2\" data-element_type=\"widget\" data-widget_type=\"heading.default\">\n\t\t\t\t<div class=\"elementor-widget-container\">\n\t\t\t\t\t<h2 class=\"elementor-heading-title elementor-size-default\">SALVA VIDAS FILIADOS<\/h2>\t\t\t\t<\/div>\n\t\t\t\t<\/div>\n\t\t\t\t\t<\/div>\n\t\t\t\t<\/div>\n\t\t<div class=\"elementor-element elementor-element-40b4560 e-flex e-con-boxed e-con e-parent\" data-id=\"40b4560\" data-element_type=\"container\">\n\t\t\t\t\t<div class=\"e-con-inner\">\n\t\t\t\t<div class=\"elementor-element elementor-element-33ec81c elementor-widget elementor-widget-shortcode\" data-id=\"33ec81c\" data-element_type=\"widget\" data-widget_type=\"shortcode.default\">\n\t\t\t\t<div class=\"elementor-widget-container\">\n\t\t\t\t\t\t\t<div class=\"elementor-shortcode\">\n<table id=\"tablepress-5\" class=\"tablepress tablepress-id-5\">\n<thead>\n<tr class=\"row-1\">\n\t<th class=\"column-1\">FOTO<\/th><th class=\"column-2\">NOME COMPLETO<\/th><th class=\"column-3\">FUN\u00c7\u00c3O<\/th>\n<\/tr>\n<\/thead>\n<tbody class=\"row-striping row-hover\">\n<tr class=\"row-2\">\n\t<td class=\"column-1\"><img decoding=\"async\" src=\"https:\/\/fecar.org.br\/wp-content\/uploads\/2024\/05\/001.png\" alt=\"\" width=\"100\" height=\"100\" class=\"alignnone size-full wp-image-6298\" \/><\/td><td class=\"column-2\">FRANCISCO AUR\u00c9LIO ALVES PEDROSA<\/td><td class=\"column-3\">SALVA VIDAS<\/td>\n<\/tr>\n<tr class=\"row-3\">\n\t<td class=\"column-1\"><img decoding=\"async\" src=\"https:\/\/fecar.org.br\/wp-content\/uploads\/2024\/06\/003.png\" alt=\"\" width=\"100\" height=\"100\" class=\"alignnone size-full wp-image-6512\" \/><\/td><td class=\"column-2\">GABRIEL DIAS LAFAIETE<\/td><td class=\"column-3\">SALVA VIDAS<\/td>\n<\/tr>\n<tr class=\"row-4\">\n\t<td class=\"column-1\"><img decoding=\"async\" src=\"https:\/\/fecar.org.br\/wp-content\/uploads\/2024\/06\/005.png\" alt=\"\" width=\"100\" height=\"100\" class=\"alignnone size-full wp-image-6514\" \/><\/td><td class=\"column-2\">TIAGO OLIVEIRA ROGERIO<\/td><td class=\"column-3\">SALVA VIDAS<\/td>\n<\/tr>\n<tr class=\"row-5\">\n\t<td class=\"column-1\"><img loading=\"lazy\" decoding=\"async\" src=\"https:\/\/fecar.org.br\/wp-content\/uploads\/2024\/06\/002.png\" alt=\"\" width=\"100\" height=\"100\" class=\"alignnone size-full wp-image-6488\" \/><\/td><td class=\"column-2\">JOS\u00c9 APARECIDO DA CONCEI\u00c7\u00c3O LIMA<\/td><td class=\"column-3\">SALVA VIDAS<\/td>\n<\/tr>\n<\/tbody>\n<\/table>\n<!-- #tablepress-5 from cache --><\/div>\n\t\t\t\t\t\t<\/div>\n\t\t\t\t<\/div>\n\t\t\t\t\t<\/div>\n\t\t\t\t<\/div>\n\t\t\t\t<\/div>\n\t\t","protected":false},"excerpt":{"rendered":"<p>SALVA VIDAS FILIADOS<\/p>\n","protected":false},"author":1,"featured_media":0,"parent":0,"menu_order":0,"comment_status":"closed","ping_status":"closed","template":"elementor_header_footer","meta":{"footnotes":""},"class_list":["post-6277","page","type-page","status-publish"],"_links":{"self":[{"href":"https:\/\/fecar.org.br\/index.php?rest_route=\/wp\/v2\/pages\/6277","targetHints":{"allow":["GET"]}}],"collection":[{"href":"https:\/\/fecar.org.br\/index.php?rest_route=\/wp\/v2\/pages"}],"about":[{"href":"https:\/\/fecar.org.br\/index.php?rest_route=\/wp\/v2\/types\/page"}],"author":[{"embeddable":true,"href":"https:\/\/fecar.org.br\/index.php?rest_route=\/wp\/v2\/users\/1"}],"replies":[{"embeddable":true,"href":"https:\/\/fecar.org.br\/index.php?rest_route=%2Fwp%2Fv2%2Fcomments&post=6277"}],"version-history":[{"count":4,"href":"https:\/\/fecar.org.br\/index.php?rest_route=\/wp\/v2\/pages\/6277\/revisions"}],"predecessor-version":[{"id":6288,"href":"https:\/\/fecar.org.br\/index.php?rest_route=\/wp\/v2\/pages\/6277\/revisions\/6288"}],"wp:attachment":[{"href":"https:\/\/fecar.org.br\/index.php?rest_route=%2Fwp%2Fv2%2Fmedia&parent=6277"}],"curies":[{"name":"wp","href":"https:\/\/api.w.org\/{rel}","templated":true}]}}