{"id":5672,"date":"2025-11-26T23:30:06","date_gmt":"2025-11-26T23:30:06","guid":{"rendered":"https:\/\/fecar.org.br\/?page_id=5672"},"modified":"2025-11-26T23:30:06","modified_gmt":"2025-11-26T23:30:06","slug":"campeonatofecar2024","status":"publish","type":"page","link":"https:\/\/fecar.org.br\/?page_id=5672","title":{"rendered":"Campeonato FECAR 2024"},"content":{"rendered":"\t\t<div data-elementor-type=\"wp-page\" data-elementor-id=\"5672\" class=\"elementor elementor-5672\" data-elementor-post-type=\"page\">\n\t\t\t\t<div class=\"elementor-element elementor-element-814292e e-flex e-con-boxed e-con e-parent\" data-id=\"814292e\" data-element_type=\"container\">\n\t\t\t\t\t<div class=\"e-con-inner\">\n\t\t\t\t<div class=\"elementor-element elementor-element-aa9ca20 elementor-widget elementor-widget-spacer\" data-id=\"aa9ca20\" data-element_type=\"widget\" data-widget_type=\"spacer.default\">\n\t\t\t\t<div class=\"elementor-widget-container\">\n\t\t\t\t\t\t\t<div class=\"elementor-spacer\">\n\t\t\t<div class=\"elementor-spacer-inner\"><\/div>\n\t\t<\/div>\n\t\t\t\t\t\t<\/div>\n\t\t\t\t<\/div>\n\t\t\t\t<div class=\"elementor-element elementor-element-1528349 elementor-widget elementor-widget-heading\" data-id=\"1528349\" data-element_type=\"widget\" data-widget_type=\"heading.default\">\n\t\t\t\t<div class=\"elementor-widget-container\">\n\t\t\t\t\t<h2 class=\"elementor-heading-title elementor-size-default\">Campeonato FECAR 2025<\/h2>\t\t\t\t<\/div>\n\t\t\t\t<\/div>\n\t\t\t\t<div class=\"elementor-element elementor-element-6138413 elementor-widget elementor-widget-spacer\" data-id=\"6138413\" data-element_type=\"widget\" data-widget_type=\"spacer.default\">\n\t\t\t\t<div class=\"elementor-widget-container\">\n\t\t\t\t\t\t\t<div class=\"elementor-spacer\">\n\t\t\t<div class=\"elementor-spacer-inner\"><\/div>\n\t\t<\/div>\n\t\t\t\t\t\t<\/div>\n\t\t\t\t<\/div>\n\t\t\t\t\t<\/div>\n\t\t\t\t<\/div>\n\t\t<div class=\"elementor-element elementor-element-eb9470f e-flex e-con-boxed e-con e-parent\" data-id=\"eb9470f\" data-element_type=\"container\">\n\t\t\t\t\t<div class=\"e-con-inner\">\n\t\t\t\t<div class=\"elementor-element elementor-element-f51224f elementor-widget elementor-widget-image\" data-id=\"f51224f\" data-element_type=\"widget\" data-widget_type=\"image.default\">\n\t\t\t\t<div class=\"elementor-widget-container\">\n\t\t\t\t\t\t\t\t\t\t\t\t\t\t\t<img fetchpriority=\"high\" decoding=\"async\" width=\"2560\" height=\"853\" src=\"https:\/\/fecar.org.br\/wp-content\/uploads\/2025\/07\/BANNER-01-2-scaled.jpg\" class=\"attachment-full size-full wp-image-6912\" alt=\"\" srcset=\"https:\/\/fecar.org.br\/wp-content\/uploads\/2025\/07\/BANNER-01-2-scaled.jpg 2560w, https:\/\/fecar.org.br\/wp-content\/uploads\/2025\/07\/BANNER-01-2-300x100.jpg 300w, https:\/\/fecar.org.br\/wp-content\/uploads\/2025\/07\/BANNER-01-2-1024x341.jpg 1024w, https:\/\/fecar.org.br\/wp-content\/uploads\/2025\/07\/BANNER-01-2-768x256.jpg 768w, https:\/\/fecar.org.br\/wp-content\/uploads\/2025\/07\/BANNER-01-2-1536x512.jpg 1536w, https:\/\/fecar.org.br\/wp-content\/uploads\/2025\/07\/BANNER-01-2-2048x683.jpg 2048w\" sizes=\"(max-width: 2560px) 100vw, 2560px\" \/>\t\t\t\t\t\t\t\t\t\t\t\t\t\t\t<\/div>\n\t\t\t\t<\/div>\n\t\t\t\t\t<\/div>\n\t\t\t\t<\/div>\n\t\t<div class=\"elementor-element elementor-element-f4d9124 e-flex e-con-boxed e-con e-parent\" data-id=\"f4d9124\" data-element_type=\"container\">\n\t\t\t\t\t<div class=\"e-con-inner\">\n\t\t\t\t<div class=\"elementor-element elementor-element-0d47681 elementor-widget elementor-widget-heading\" data-id=\"0d47681\" data-element_type=\"widget\" data-widget_type=\"heading.default\">\n\t\t\t\t<div class=\"elementor-widget-container\">\n\t\t\t\t\t<h2 class=\"elementor-heading-title elementor-size-default\">A <b>Federa\u00e7\u00e3o Capixaba de Rodeio<\/b> em parceria com as empresas filiadas, ir\u00e3o realizar um campeonato ao longo da temporada de rodeios de 2025\/2026, e ir\u00e1 premiar o grande campe\u00e3o com um Carro 0 Km.<\/h2>\t\t\t\t<\/div>\n\t\t\t\t<\/div>\n\t\t\t\t\t<\/div>\n\t\t\t\t<\/div>\n\t\t<div class=\"elementor-element elementor-element-5c8783e e-flex e-con-boxed e-con e-parent\" data-id=\"5c8783e\" data-element_type=\"container\">\n\t\t\t\t\t<div class=\"e-con-inner\">\n\t\t\t\t<div class=\"elementor-element elementor-element-42efa17 elementor-widget elementor-widget-heading\" data-id=\"42efa17\" data-element_type=\"widget\" data-widget_type=\"heading.default\">\n\t\t\t\t<div class=\"elementor-widget-container\">\n\t\t\t\t\t<h2 class=\"elementor-heading-title elementor-size-default\">O campeonato da <b>FECAR<\/b> surge com o intuito de valorizar o esporte no estado, valorizar os competidores e tropeiros, e aproximar as empresas que realizam rodeios no estado do Esp\u00edrito Santo.<\/h2>\t\t\t\t<\/div>\n\t\t\t\t<\/div>\n\t\t\t\t\t<\/div>\n\t\t\t\t<\/div>\n\t\t<div class=\"elementor-element elementor-element-c2cd13c e-flex e-con-boxed e-con e-parent\" data-id=\"c2cd13c\" data-element_type=\"container\">\n\t\t\t\t\t<div class=\"e-con-inner\">\n\t\t\t\t<div class=\"elementor-element elementor-element-cb877cc elementor-widget elementor-widget-spacer\" data-id=\"cb877cc\" data-element_type=\"widget\" data-widget_type=\"spacer.default\">\n\t\t\t\t<div class=\"elementor-widget-container\">\n\t\t\t\t\t\t\t<div class=\"elementor-spacer\">\n\t\t\t<div class=\"elementor-spacer-inner\"><\/div>\n\t\t<\/div>\n\t\t\t\t\t\t<\/div>\n\t\t\t\t<\/div>\n\t\t\t\t\t<\/div>\n\t\t\t\t<\/div>\n\t\t<div class=\"elementor-element elementor-element-30f3471 e-flex e-con-boxed e-con e-parent\" data-id=\"30f3471\" data-element_type=\"container\">\n\t\t\t\t\t<div class=\"e-con-inner\">\n\t\t\t\t<div class=\"elementor-element elementor-element-9532cf0 elementor-widget elementor-widget-image\" data-id=\"9532cf0\" data-element_type=\"widget\" data-widget_type=\"image.default\">\n\t\t\t\t<div class=\"elementor-widget-container\">\n\t\t\t\t\t\t\t\t\t\t\t\t\t\t\t<img decoding=\"async\" width=\"1700\" height=\"1250\" src=\"https:\/\/fecar.org.br\/wp-content\/uploads\/2020\/02\/FIVELA-FECAR-SEM-FUNDO.png\" class=\"attachment-full size-full wp-image-2320\" alt=\"\" srcset=\"https:\/\/fecar.org.br\/wp-content\/uploads\/2020\/02\/FIVELA-FECAR-SEM-FUNDO.png 1700w, https:\/\/fecar.org.br\/wp-content\/uploads\/2020\/02\/FIVELA-FECAR-SEM-FUNDO-300x221.png 300w, https:\/\/fecar.org.br\/wp-content\/uploads\/2020\/02\/FIVELA-FECAR-SEM-FUNDO-1024x753.png 1024w, https:\/\/fecar.org.br\/wp-content\/uploads\/2020\/02\/FIVELA-FECAR-SEM-FUNDO-768x565.png 768w, https:\/\/fecar.org.br\/wp-content\/uploads\/2020\/02\/FIVELA-FECAR-SEM-FUNDO-1536x1129.png 1536w, https:\/\/fecar.org.br\/wp-content\/uploads\/2020\/02\/FIVELA-FECAR-SEM-FUNDO-120x88.png 120w\" sizes=\"(max-width: 1700px) 100vw, 1700px\" \/>\t\t\t\t\t\t\t\t\t\t\t\t\t\t\t<\/div>\n\t\t\t\t<\/div>\n\t\t\t\t\t<\/div>\n\t\t\t\t<\/div>\n\t\t<div class=\"elementor-element elementor-element-2f5f912 e-flex e-con-boxed e-con e-parent\" data-id=\"2f5f912\" data-element_type=\"container\">\n\t\t\t\t\t<div class=\"e-con-inner\">\n\t\t\t\t<div class=\"elementor-element elementor-element-3f5671a elementor-widget elementor-widget-spacer\" data-id=\"3f5671a\" data-element_type=\"widget\" data-widget_type=\"spacer.default\">\n\t\t\t\t<div class=\"elementor-widget-container\">\n\t\t\t\t\t\t\t<div class=\"elementor-spacer\">\n\t\t\t<div class=\"elementor-spacer-inner\"><\/div>\n\t\t<\/div>\n\t\t\t\t\t\t<\/div>\n\t\t\t\t<\/div>\n\t\t\t\t\t<\/div>\n\t\t\t\t<\/div>\n\t\t\t\t<\/div>\n\t\t","protected":false},"excerpt":{"rendered":"<p>Campeonato FECAR 2025 A Federa\u00e7\u00e3o Capixaba de Rodeio em parceria com as empresas filiadas, ir\u00e3o realizar um campeonato ao longo da temporada de rodeios de 2025\/2026, e ir\u00e1 premiar o grande campe\u00e3o com um Carro 0 Km. O campeonato da FECAR surge com o intuito de valorizar o esporte no estado, valorizar os competidores e &#8230; <a title=\"Campeonato FECAR 2024\" class=\"read-more\" href=\"https:\/\/fecar.org.br\/?page_id=5672\" aria-label=\"Read more about Campeonato FECAR 2024\">Ler mais<\/a><\/p>\n","protected":false},"author":1,"featured_media":0,"parent":0,"menu_order":0,"comment_status":"closed","ping_status":"closed","template":"elementor_header_footer","meta":{"footnotes":""},"class_list":["post-5672","page","type-page","status-publish"],"_links":{"self":[{"href":"https:\/\/fecar.org.br\/index.php?rest_route=\/wp\/v2\/pages\/5672","targetHints":{"allow":["GET"]}}],"collection":[{"href":"https:\/\/fecar.org.br\/index.php?rest_route=\/wp\/v2\/pages"}],"about":[{"href":"https:\/\/fecar.org.br\/index.php?rest_route=\/wp\/v2\/types\/page"}],"author":[{"embeddable":true,"href":"https:\/\/fecar.org.br\/index.php?rest_route=\/wp\/v2\/users\/1"}],"replies":[{"embeddable":true,"href":"https:\/\/fecar.org.br\/index.php?rest_route=%2Fwp%2Fv2%2Fcomments&post=5672"}],"version-history":[{"count":55,"href":"https:\/\/fecar.org.br\/index.php?rest_route=\/wp\/v2\/pages\/5672\/revisions"}],"predecessor-version":[{"id":6936,"href":"https:\/\/fecar.org.br\/index.php?rest_route=\/wp\/v2\/pages\/5672\/revisions\/6936"}],"wp:attachment":[{"href":"https:\/\/fecar.org.br\/index.php?rest_route=%2Fwp%2Fv2%2Fmedia&parent=5672"}],"curies":[{"name":"wp","href":"https:\/\/api.w.org\/{rel}","templated":true}]}}