{"id":5229,"date":"2025-11-26T23:30:06","date_gmt":"2025-11-26T23:30:06","guid":{"rendered":"https:\/\/fecar.org.br\/?page_id=5229"},"modified":"2025-11-26T23:30:06","modified_gmt":"2025-11-26T23:30:06","slug":"como-me-filiar","status":"publish","type":"page","link":"https:\/\/fecar.org.br\/?page_id=5229","title":{"rendered":"Como me Filiar"},"content":{"rendered":"\t\t<div data-elementor-type=\"wp-page\" data-elementor-id=\"5229\" class=\"elementor elementor-5229\" data-elementor-post-type=\"page\">\n\t\t\t\t<div class=\"elementor-element elementor-element-814292e e-flex e-con-boxed e-con e-parent\" data-id=\"814292e\" data-element_type=\"container\">\n\t\t\t\t\t<div class=\"e-con-inner\">\n\t\t\t\t<div class=\"elementor-element elementor-element-aa9ca20 elementor-widget elementor-widget-spacer\" data-id=\"aa9ca20\" data-element_type=\"widget\" data-widget_type=\"spacer.default\">\n\t\t\t\t<div class=\"elementor-widget-container\">\n\t\t\t\t\t\t\t<div class=\"elementor-spacer\">\n\t\t\t<div class=\"elementor-spacer-inner\"><\/div>\n\t\t<\/div>\n\t\t\t\t\t\t<\/div>\n\t\t\t\t<\/div>\n\t\t\t\t<div class=\"elementor-element elementor-element-1528349 elementor-widget elementor-widget-heading\" data-id=\"1528349\" data-element_type=\"widget\" data-widget_type=\"heading.default\">\n\t\t\t\t<div class=\"elementor-widget-container\">\n\t\t\t\t\t<h2 class=\"elementor-heading-title elementor-size-default\">Como me Filiar?<\/h2>\t\t\t\t<\/div>\n\t\t\t\t<\/div>\n\t\t\t\t\t<\/div>\n\t\t\t\t<\/div>\n\t\t<div class=\"elementor-element elementor-element-1ec7f40 e-flex e-con-boxed e-con e-parent\" data-id=\"1ec7f40\" data-element_type=\"container\">\n\t\t\t\t\t<div class=\"e-con-inner\">\n\t\t\t\t<div class=\"elementor-element elementor-element-07ae8ff elementor-widget elementor-widget-spacer\" data-id=\"07ae8ff\" data-element_type=\"widget\" data-widget_type=\"spacer.default\">\n\t\t\t\t<div class=\"elementor-widget-container\">\n\t\t\t\t\t\t\t<div class=\"elementor-spacer\">\n\t\t\t<div class=\"elementor-spacer-inner\"><\/div>\n\t\t<\/div>\n\t\t\t\t\t\t<\/div>\n\t\t\t\t<\/div>\n\t\t\t\t\t<\/div>\n\t\t\t\t<\/div>\n\t\t<div class=\"elementor-element elementor-element-0876f84 e-flex e-con-boxed e-con e-parent\" data-id=\"0876f84\" data-element_type=\"container\">\n\t\t\t\t\t<div class=\"e-con-inner\">\n\t\t\t\t<div class=\"elementor-element elementor-element-8f7f4ca elementor-widget elementor-widget-heading\" data-id=\"8f7f4ca\" data-element_type=\"widget\" data-widget_type=\"heading.default\">\n\t\t\t\t<div class=\"elementor-widget-container\">\n\t\t\t\t\t<h1 class=\"elementor-heading-title elementor-size-default\">ATEN\u00c7\u00c3O:<\/h1>\t\t\t\t<\/div>\n\t\t\t\t<\/div>\n\t\t\t\t<div class=\"elementor-element elementor-element-e4577c8 elementor-widget elementor-widget-text-editor\" data-id=\"e4577c8\" data-element_type=\"widget\" data-widget_type=\"text-editor.default\">\n\t\t\t\t<div class=\"elementor-widget-container\">\n\t\t\t\t\t\t\t\t\t<div>\n<h3><span style=\"background-color: var(--base-2);\"><b>Para tirar todas as suas d\u00favidas sobre novas filia\u00e7\u00f5es, entre em contato diretamente pelo Whatsapp Oficial da FECAR.<\/b><\/span><\/h3>\n<p><span style=\"background-color: var(--base-2);\">Clique no bot\u00e3o abaixo para falar direto com o nosso atendimento&nbsp;<\/span><\/p>\n<\/div>\t\t\t\t\t\t\t\t<\/div>\n\t\t\t\t<\/div>\n\t\t\t\t<div class=\"elementor-element elementor-element-613a854 elementor-widget elementor-widget-image\" data-id=\"613a854\" data-element_type=\"widget\" data-widget_type=\"image.default\">\n\t\t\t\t<div class=\"elementor-widget-container\">\n\t\t\t\t\t\t\t\t\t\t\t\t\t\t\t<img decoding=\"async\" width=\"200\" height=\"200\" src=\"https:\/\/fecar.org.br\/wp-content\/uploads\/2025\/07\/source.gif\" class=\"attachment-full size-full wp-image-6900\" alt=\"\" \/>\t\t\t\t\t\t\t\t\t\t\t\t\t\t\t<\/div>\n\t\t\t\t<\/div>\n\t\t\t\t<div class=\"elementor-element elementor-element-8305de7 elementor-align-center elementor-widget elementor-widget-button\" data-id=\"8305de7\" data-element_type=\"widget\" data-widget_type=\"button.default\">\n\t\t\t\t<div class=\"elementor-widget-container\">\n\t\t\t\t\t\t\t\t\t<div class=\"elementor-button-wrapper\">\n\t\t\t\t\t<a class=\"elementor-button elementor-button-link elementor-size-sm\" href=\"http:\/\/wa.me\/5527995048838\">\n\t\t\t\t\t\t<span class=\"elementor-button-content-wrapper\">\n\t\t\t\t\t\t\t\t\t<span class=\"elementor-button-text\">CLIQUE AQUI PARA SER ATENDIDO<\/span>\n\t\t\t\t\t<\/span>\n\t\t\t\t\t<\/a>\n\t\t\t\t<\/div>\n\t\t\t\t\t\t\t\t<\/div>\n\t\t\t\t<\/div>\n\t\t\t\t<div class=\"elementor-element elementor-element-ea7355e elementor-widget elementor-widget-spacer\" data-id=\"ea7355e\" data-element_type=\"widget\" data-widget_type=\"spacer.default\">\n\t\t\t\t<div class=\"elementor-widget-container\">\n\t\t\t\t\t\t\t<div class=\"elementor-spacer\">\n\t\t\t<div class=\"elementor-spacer-inner\"><\/div>\n\t\t<\/div>\n\t\t\t\t\t\t<\/div>\n\t\t\t\t<\/div>\n\t\t\t\t\t<\/div>\n\t\t\t\t<\/div>\n\t\t<div class=\"elementor-element elementor-element-f1c8398 e-flex e-con-boxed e-con e-parent\" data-id=\"f1c8398\" data-element_type=\"container\">\n\t\t\t\t\t<div class=\"e-con-inner\">\n\t\t\t\t<div class=\"elementor-element elementor-element-8debdd7 elementor-widget elementor-widget-image\" data-id=\"8debdd7\" data-element_type=\"widget\" data-widget_type=\"image.default\">\n\t\t\t\t<div class=\"elementor-widget-container\">\n\t\t\t\t\t\t\t\t\t\t\t\t\t\t\t<img fetchpriority=\"high\" decoding=\"async\" width=\"1700\" height=\"1250\" src=\"https:\/\/fecar.org.br\/wp-content\/uploads\/2020\/02\/FIVELA-FECAR-SEM-FUNDO.png\" class=\"attachment-full size-full wp-image-2320\" alt=\"\" srcset=\"https:\/\/fecar.org.br\/wp-content\/uploads\/2020\/02\/FIVELA-FECAR-SEM-FUNDO.png 1700w, https:\/\/fecar.org.br\/wp-content\/uploads\/2020\/02\/FIVELA-FECAR-SEM-FUNDO-300x221.png 300w, https:\/\/fecar.org.br\/wp-content\/uploads\/2020\/02\/FIVELA-FECAR-SEM-FUNDO-1024x753.png 1024w, https:\/\/fecar.org.br\/wp-content\/uploads\/2020\/02\/FIVELA-FECAR-SEM-FUNDO-768x565.png 768w, https:\/\/fecar.org.br\/wp-content\/uploads\/2020\/02\/FIVELA-FECAR-SEM-FUNDO-1536x1129.png 1536w, https:\/\/fecar.org.br\/wp-content\/uploads\/2020\/02\/FIVELA-FECAR-SEM-FUNDO-120x88.png 120w\" sizes=\"(max-width: 1700px) 100vw, 1700px\" \/>\t\t\t\t\t\t\t\t\t\t\t\t\t\t\t<\/div>\n\t\t\t\t<\/div>\n\t\t\t\t<div class=\"elementor-element elementor-element-55a5077 elementor-widget elementor-widget-spacer\" data-id=\"55a5077\" data-element_type=\"widget\" data-widget_type=\"spacer.default\">\n\t\t\t\t<div class=\"elementor-widget-container\">\n\t\t\t\t\t\t\t<div class=\"elementor-spacer\">\n\t\t\t<div class=\"elementor-spacer-inner\"><\/div>\n\t\t<\/div>\n\t\t\t\t\t\t<\/div>\n\t\t\t\t<\/div>\n\t\t\t\t\t<\/div>\n\t\t\t\t<\/div>\n\t\t\t\t<\/div>\n\t\t","protected":false},"excerpt":{"rendered":"<p>Como me Filiar? ATEN\u00c7\u00c3O: Para tirar todas as suas d\u00favidas sobre novas filia\u00e7\u00f5es, entre em contato diretamente pelo Whatsapp Oficial da FECAR. Clique no bot\u00e3o abaixo para falar direto com o nosso atendimento&nbsp; CLIQUE AQUI PARA SER ATENDIDO<\/p>\n","protected":false},"author":1,"featured_media":0,"parent":0,"menu_order":0,"comment_status":"closed","ping_status":"closed","template":"elementor_header_footer","meta":{"footnotes":""},"class_list":["post-5229","page","type-page","status-publish"],"_links":{"self":[{"href":"https:\/\/fecar.org.br\/index.php?rest_route=\/wp\/v2\/pages\/5229","targetHints":{"allow":["GET"]}}],"collection":[{"href":"https:\/\/fecar.org.br\/index.php?rest_route=\/wp\/v2\/pages"}],"about":[{"href":"https:\/\/fecar.org.br\/index.php?rest_route=\/wp\/v2\/types\/page"}],"author":[{"embeddable":true,"href":"https:\/\/fecar.org.br\/index.php?rest_route=\/wp\/v2\/users\/1"}],"replies":[{"embeddable":true,"href":"https:\/\/fecar.org.br\/index.php?rest_route=%2Fwp%2Fv2%2Fcomments&post=5229"}],"version-history":[{"count":100,"href":"https:\/\/fecar.org.br\/index.php?rest_route=\/wp\/v2\/pages\/5229\/revisions"}],"predecessor-version":[{"id":6906,"href":"https:\/\/fecar.org.br\/index.php?rest_route=\/wp\/v2\/pages\/5229\/revisions\/6906"}],"wp:attachment":[{"href":"https:\/\/fecar.org.br\/index.php?rest_route=%2Fwp%2Fv2%2Fmedia&parent=5229"}],"curies":[{"name":"wp","href":"https:\/\/api.w.org\/{rel}","templated":true}]}}