{"id":5215,"date":"2025-11-26T23:30:07","date_gmt":"2025-11-26T23:30:07","guid":{"rendered":"https:\/\/fecar.org.br\/?page_id=5215"},"modified":"2025-11-26T23:30:07","modified_gmt":"2025-11-26T23:30:07","slug":"noticias","status":"publish","type":"page","link":"https:\/\/fecar.org.br\/?page_id=5215","title":{"rendered":"Not\u00edcias"},"content":{"rendered":"\t\t<div data-elementor-type=\"wp-page\" data-elementor-id=\"5215\" class=\"elementor elementor-5215\" data-elementor-post-type=\"page\">\n\t\t\t\t<div class=\"elementor-element elementor-element-814292e e-flex e-con-boxed e-con e-parent\" data-id=\"814292e\" data-element_type=\"container\">\n\t\t\t\t\t<div class=\"e-con-inner\">\n\t\t\t\t<div class=\"elementor-element elementor-element-aa9ca20 elementor-widget elementor-widget-spacer\" data-id=\"aa9ca20\" data-element_type=\"widget\" data-widget_type=\"spacer.default\">\n\t\t\t\t<div class=\"elementor-widget-container\">\n\t\t\t\t\t\t\t<div class=\"elementor-spacer\">\n\t\t\t<div class=\"elementor-spacer-inner\"><\/div>\n\t\t<\/div>\n\t\t\t\t\t\t<\/div>\n\t\t\t\t<\/div>\n\t\t\t\t<div class=\"elementor-element elementor-element-1528349 elementor-widget elementor-widget-heading\" data-id=\"1528349\" data-element_type=\"widget\" data-widget_type=\"heading.default\">\n\t\t\t\t<div class=\"elementor-widget-container\">\n\t\t\t\t\t<h2 class=\"elementor-heading-title elementor-size-default\">\u00daltimas Not\u00edcias<\/h2>\t\t\t\t<\/div>\n\t\t\t\t<\/div>\n\t\t\t\t\t<\/div>\n\t\t\t\t<\/div>\n\t\t<div class=\"elementor-element elementor-element-1ec7f40 e-flex e-con-boxed e-con e-parent\" data-id=\"1ec7f40\" data-element_type=\"container\">\n\t\t\t\t\t<div class=\"e-con-inner\">\n\t\t\t\t<div class=\"elementor-element elementor-element-07ae8ff elementor-widget elementor-widget-spacer\" data-id=\"07ae8ff\" data-element_type=\"widget\" data-widget_type=\"spacer.default\">\n\t\t\t\t<div class=\"elementor-widget-container\">\n\t\t\t\t\t\t\t<div class=\"elementor-spacer\">\n\t\t\t<div class=\"elementor-spacer-inner\"><\/div>\n\t\t<\/div>\n\t\t\t\t\t\t<\/div>\n\t\t\t\t<\/div>\n\t\t\t\t\t<\/div>\n\t\t\t\t<\/div>\n\t\t<div class=\"elementor-element elementor-element-d0ddb2a e-flex e-con-boxed e-con e-parent\" data-id=\"d0ddb2a\" data-element_type=\"container\">\n\t\t\t\t\t<div class=\"e-con-inner\">\n\t\t\t\t<div class=\"elementor-element elementor-element-b7780eb elementor-posts--align-center elementor-grid-3 elementor-grid-tablet-2 elementor-grid-mobile-1 elementor-posts--thumbnail-top elementor-widget elementor-widget-posts\" data-id=\"b7780eb\" data-element_type=\"widget\" data-settings=\"{&quot;classic_columns&quot;:&quot;3&quot;,&quot;classic_columns_tablet&quot;:&quot;2&quot;,&quot;classic_columns_mobile&quot;:&quot;1&quot;,&quot;classic_row_gap&quot;:{&quot;unit&quot;:&quot;px&quot;,&quot;size&quot;:35,&quot;sizes&quot;:[]},&quot;classic_row_gap_laptop&quot;:{&quot;unit&quot;:&quot;px&quot;,&quot;size&quot;:&quot;&quot;,&quot;sizes&quot;:[]},&quot;classic_row_gap_tablet&quot;:{&quot;unit&quot;:&quot;px&quot;,&quot;size&quot;:&quot;&quot;,&quot;sizes&quot;:[]},&quot;classic_row_gap_mobile&quot;:{&quot;unit&quot;:&quot;px&quot;,&quot;size&quot;:&quot;&quot;,&quot;sizes&quot;:[]}}\" data-widget_type=\"posts.classic\">\n\t\t\t\t<div class=\"elementor-widget-container\">\n\t\t\t\t\t\t\t<div class=\"elementor-posts-container elementor-posts elementor-posts--skin-classic elementor-grid\">\n\t\t\t\t<article class=\"elementor-post elementor-grid-item post-6987 post type-post status-publish format-standard has-post-thumbnail hentry category-fecarnews\">\n\t\t\t\t<a class=\"elementor-post__thumbnail__link\" href=\"https:\/\/fecar.org.br\/?p=6987\" tabindex=\"-1\" >\n\t\t\t<div class=\"elementor-post__thumbnail\"><img fetchpriority=\"high\" decoding=\"async\" width=\"1080\" height=\"1350\" src=\"https:\/\/fecar.org.br\/wp-content\/uploads\/2025\/08\/FECAR-FEED.png\" class=\"attachment-full size-full wp-image-6989\" alt=\"\" srcset=\"https:\/\/fecar.org.br\/wp-content\/uploads\/2025\/08\/FECAR-FEED.png 1080w, https:\/\/fecar.org.br\/wp-content\/uploads\/2025\/08\/FECAR-FEED-240x300.png 240w, https:\/\/fecar.org.br\/wp-content\/uploads\/2025\/08\/FECAR-FEED-819x1024.png 819w, https:\/\/fecar.org.br\/wp-content\/uploads\/2025\/08\/FECAR-FEED-768x960.png 768w, https:\/\/fecar.org.br\/wp-content\/uploads\/2025\/08\/FECAR-FEED-100x125.png 100w\" sizes=\"(max-width: 1080px) 100vw, 1080px\" \/><\/div>\n\t\t<\/a>\n\t\t\t\t<div class=\"elementor-post__text\">\n\t\t\t\t<h3 class=\"elementor-post__title\">\n\t\t\t<a href=\"https:\/\/fecar.org.br\/?p=6987\" >\n\t\t\t\t\ud83d\ude97\ud83c\udfc6 ELE VOLTOU! \ud83c\udfc6\ud83d\ude97 Mais uma vez, o campe\u00e3o da FECAR \u2013 Federa\u00e7\u00e3o Capixaba de Rodeio vai levar pra casa um autom\u00f3vel 0 km j\u00e1 comprado e quitado com orgulho e preparado pra fazer hist\u00f3ria! \ud83d\udca5\t\t\t<\/a>\n\t\t<\/h3>\n\t\t\t\t<div class=\"elementor-post__meta-data\">\n\t\t\t\t\t<span class=\"elementor-post-date\">\n\t\t\t16\/08\/2025\t\t<\/span>\n\t\t\t\t<\/div>\n\t\t\t\t<div class=\"elementor-post__excerpt\">\n\t\t\t<p>A tradi\u00e7\u00e3o continua, e o pr\u00eamio est\u00e1 \u00e0 altura dos nossos gigantes da arena.<br \/>\nAqui, o esfor\u00e7o \u00e9 reconhecido de verdade \u2014 o campe\u00e3o sai premiado de volante na m\u00e3o e cabe\u00e7a erguida.<\/p>\n<p>FECAR \u00e9 compromisso. FECAR \u00e9 entrega. FECAR \u00e9 respeito ao competidor.<br \/>\nQue venha o pr\u00f3ximo campe\u00e3o! \ud83e\udd20\ud83d\udd25<br \/>\n#FECAR #RodeioCapixaba #CarroQuitado #Premia\u00e7\u00e3oDeRespeito #RodeioComOrgulho<\/p>\n\t\t<\/div>\n\t\t\t\t\t<div class=\"elementor-post__read-more-wrapper\">\n\t\t\n\t\t<a class=\"elementor-post__read-more\" href=\"https:\/\/fecar.org.br\/?p=6987\" aria-label=\"Read more about \ud83d\ude97\ud83c\udfc6 ELE VOLTOU! \ud83c\udfc6\ud83d\ude97 Mais uma vez, o campe\u00e3o da FECAR \u2013 Federa\u00e7\u00e3o Capixaba de Rodeio vai levar pra casa um autom\u00f3vel 0 km j\u00e1 comprado e quitado com orgulho e preparado pra fazer hist\u00f3ria! \ud83d\udca5\" tabindex=\"-1\" >\n\t\t\tLer Tudo \u00bb\t\t<\/a>\n\n\t\t\t\t\t<\/div>\n\t\t\t\t<\/div>\n\t\t\t\t<\/article>\n\t\t\t\t<article class=\"elementor-post elementor-grid-item post-6544 post type-post status-publish format-standard has-post-thumbnail hentry category-fecarnews\">\n\t\t\t\t<a class=\"elementor-post__thumbnail__link\" href=\"https:\/\/fecar.org.br\/?p=6544\" tabindex=\"-1\" >\n\t\t\t<div class=\"elementor-post__thumbnail\"><img decoding=\"async\" width=\"1376\" height=\"720\" src=\"https:\/\/fecar.org.br\/wp-content\/uploads\/2024\/06\/445330654_1152213022490230_5423242981707770538_n.jpeg\" class=\"attachment-full size-full wp-image-6546\" alt=\"\" srcset=\"https:\/\/fecar.org.br\/wp-content\/uploads\/2024\/06\/445330654_1152213022490230_5423242981707770538_n.jpeg 1376w, https:\/\/fecar.org.br\/wp-content\/uploads\/2024\/06\/445330654_1152213022490230_5423242981707770538_n-300x157.jpeg 300w, https:\/\/fecar.org.br\/wp-content\/uploads\/2024\/06\/445330654_1152213022490230_5423242981707770538_n-1024x536.jpeg 1024w, https:\/\/fecar.org.br\/wp-content\/uploads\/2024\/06\/445330654_1152213022490230_5423242981707770538_n-768x402.jpeg 768w\" sizes=\"(max-width: 1376px) 100vw, 1376px\" \/><\/div>\n\t\t<\/a>\n\t\t\t\t<div class=\"elementor-post__text\">\n\t\t\t\t<h3 class=\"elementor-post__title\">\n\t\t\t<a href=\"https:\/\/fecar.org.br\/?p=6544\" >\n\t\t\t\t5\u00aa Etapa do Campeonato FECAR realizada em Viana-ES pela Mar\u00e7al Rodeios!\t\t\t<\/a>\n\t\t<\/h3>\n\t\t\t\t<div class=\"elementor-post__meta-data\">\n\t\t\t\t\t<span class=\"elementor-post-date\">\n\t\t\t19\/06\/2024\t\t<\/span>\n\t\t\t\t<\/div>\n\t\t\t\t<div class=\"elementor-post__excerpt\">\n\t\t\t<p>CLASSIFICA\u00c7\u00c3O FINAL:<\/p>\n<p>1\u00ba- HELLIENAY HELLER SILVEIRA &#8211; 177,75 PONTOS<\/p>\n<p>2\u00ba- OTTO VICENTE PIMENTEL &#8211; 173,00 PONTOS<\/p>\n<p>3\u00ba- SERGIO GARCIA DE PAULA &#8211; 162,50 PONTOS<\/p>\n<p>4- WAGNER ANDRELINO &#8211; 162,00 PONTOS<\/p>\n<p>5\u00ba- RAPHAEL MILAGRE CUNHA &#8211; 95,00 PONTOS<\/p>\n<p>&#8211; MELHOR TOURO DA ETAPA:<br \/>\nWOLVERINE (CIA H.B) &#8211; M\u00c9DIA 44,66 PONTOS<\/p>\n\t\t<\/div>\n\t\t\t\t\t<div class=\"elementor-post__read-more-wrapper\">\n\t\t\n\t\t<a class=\"elementor-post__read-more\" href=\"https:\/\/fecar.org.br\/?p=6544\" aria-label=\"Read more about 5\u00aa Etapa do Campeonato FECAR realizada em Viana-ES pela Mar\u00e7al Rodeios!\" tabindex=\"-1\" >\n\t\t\tLer Tudo \u00bb\t\t<\/a>\n\n\t\t\t\t\t<\/div>\n\t\t\t\t<\/div>\n\t\t\t\t<\/article>\n\t\t\t\t<article class=\"elementor-post elementor-grid-item post-6537 post type-post status-publish format-standard has-post-thumbnail hentry category-fecarnews\">\n\t\t\t\t<a class=\"elementor-post__thumbnail__link\" href=\"https:\/\/fecar.org.br\/?p=6537\" tabindex=\"-1\" >\n\t\t\t<div class=\"elementor-post__thumbnail\"><img decoding=\"async\" width=\"1080\" height=\"720\" src=\"https:\/\/fecar.org.br\/wp-content\/uploads\/2024\/06\/445615912_449314641417709_1361897080993671712_n.jpeg\" class=\"attachment-full size-full wp-image-6539\" alt=\"\" srcset=\"https:\/\/fecar.org.br\/wp-content\/uploads\/2024\/06\/445615912_449314641417709_1361897080993671712_n.jpeg 1080w, https:\/\/fecar.org.br\/wp-content\/uploads\/2024\/06\/445615912_449314641417709_1361897080993671712_n-300x200.jpeg 300w, https:\/\/fecar.org.br\/wp-content\/uploads\/2024\/06\/445615912_449314641417709_1361897080993671712_n-1024x683.jpeg 1024w, https:\/\/fecar.org.br\/wp-content\/uploads\/2024\/06\/445615912_449314641417709_1361897080993671712_n-768x512.jpeg 768w\" sizes=\"(max-width: 1080px) 100vw, 1080px\" \/><\/div>\n\t\t<\/a>\n\t\t\t\t<div class=\"elementor-post__text\">\n\t\t\t\t<h3 class=\"elementor-post__title\">\n\t\t\t<a href=\"https:\/\/fecar.org.br\/?p=6537\" >\n\t\t\t\t4\u00aa Etapa da Fecar realizada em \u00c1gua Doce do Norte-ES pela FMD Produ\u00e7\u00f5es!\t\t\t<\/a>\n\t\t<\/h3>\n\t\t\t\t<div class=\"elementor-post__meta-data\">\n\t\t\t\t\t<span class=\"elementor-post-date\">\n\t\t\t19\/06\/2024\t\t<\/span>\n\t\t\t\t<\/div>\n\t\t\t\t<div class=\"elementor-post__excerpt\">\n\t\t\t<p>CLASSIFICA\u00c7\u00c3O FINAL:<\/p>\n<p>1\u00ba- JOANDER DONATO &#8211; 234,50 PONTOS<\/p>\n<p>2\u00ba- LUCAS CORREIA &#8211; 228,75 PONTOS<\/p>\n<p>3\u00ba- VINICIUS LOPES &#8211; 158,50 PONTOS<\/p>\n<p>4- JO\u00c3O PEDRO &#8211; 142,50 PONTOS<\/p>\n<p>5\u00ba- ALAN ARA\u00daJO &#8211; 140,75 PONTOS<\/p>\n<p>&#8211; MELHOR BOIADA DA ETAPA:<br \/>\nCIA M.B &#8211; M\u00c9DIA 40,55 PONTOS<\/p>\n<p>&#8211; MELHOR TOURO DA ETAPA:<br \/>\nTOURO ILEGAL (BOIADA Z\u00c9 ARAGUAIA) &#8211; M\u00c9DIA 41,50 PONTOS<\/p>\n\t\t<\/div>\n\t\t\t\t\t<div class=\"elementor-post__read-more-wrapper\">\n\t\t\n\t\t<a class=\"elementor-post__read-more\" href=\"https:\/\/fecar.org.br\/?p=6537\" aria-label=\"Read more about 4\u00aa Etapa da Fecar realizada em \u00c1gua Doce do Norte-ES pela FMD Produ\u00e7\u00f5es!\" tabindex=\"-1\" >\n\t\t\tLer Tudo \u00bb\t\t<\/a>\n\n\t\t\t\t\t<\/div>\n\t\t\t\t<\/div>\n\t\t\t\t<\/article>\n\t\t\t\t<article class=\"elementor-post elementor-grid-item post-6331 post type-post status-publish format-standard has-post-thumbnail hentry category-fecarnews\">\n\t\t\t\t<a class=\"elementor-post__thumbnail__link\" href=\"https:\/\/fecar.org.br\/?p=6331\" tabindex=\"-1\" >\n\t\t\t<div class=\"elementor-post__thumbnail\"><img loading=\"lazy\" decoding=\"async\" width=\"1057\" height=\"698\" src=\"https:\/\/fecar.org.br\/wp-content\/uploads\/2024\/05\/438100246_18442961179062948_3365187411612223484_n.jpg\" class=\"attachment-full size-full wp-image-6333\" alt=\"\" srcset=\"https:\/\/fecar.org.br\/wp-content\/uploads\/2024\/05\/438100246_18442961179062948_3365187411612223484_n.jpg 1057w, https:\/\/fecar.org.br\/wp-content\/uploads\/2024\/05\/438100246_18442961179062948_3365187411612223484_n-300x198.jpg 300w, https:\/\/fecar.org.br\/wp-content\/uploads\/2024\/05\/438100246_18442961179062948_3365187411612223484_n-1024x676.jpg 1024w, https:\/\/fecar.org.br\/wp-content\/uploads\/2024\/05\/438100246_18442961179062948_3365187411612223484_n-768x507.jpg 768w\" sizes=\"(max-width: 1057px) 100vw, 1057px\" \/><\/div>\n\t\t<\/a>\n\t\t\t\t<div class=\"elementor-post__text\">\n\t\t\t\t<h3 class=\"elementor-post__title\">\n\t\t\t<a href=\"https:\/\/fecar.org.br\/?p=6331\" >\n\t\t\t\t3\u00aa Etapa do Campeonato da Fecar realizada em Saquarema-RJ pela Cia Tony Nascimento!\t\t\t<\/a>\n\t\t<\/h3>\n\t\t\t\t<div class=\"elementor-post__meta-data\">\n\t\t\t\t\t<span class=\"elementor-post-date\">\n\t\t\t22\/05\/2024\t\t<\/span>\n\t\t\t\t<\/div>\n\t\t\t\t<div class=\"elementor-post__excerpt\">\n\t\t\t<p>Podium de Saquarema\/RJ \ud83d\udd25\ud83d\ude80<br \/>\nNa modalidade rodeio em touros o campe\u00e3o foi o prata da casa Douglas Machado.<\/p>\n\t\t<\/div>\n\t\t\t\t\t<div class=\"elementor-post__read-more-wrapper\">\n\t\t\n\t\t<a class=\"elementor-post__read-more\" href=\"https:\/\/fecar.org.br\/?p=6331\" aria-label=\"Read more about 3\u00aa Etapa do Campeonato da Fecar realizada em Saquarema-RJ pela Cia Tony Nascimento!\" tabindex=\"-1\" >\n\t\t\tLer Tudo \u00bb\t\t<\/a>\n\n\t\t\t\t\t<\/div>\n\t\t\t\t<\/div>\n\t\t\t\t<\/article>\n\t\t\t\t<article class=\"elementor-post elementor-grid-item post-6181 post type-post status-publish format-standard has-post-thumbnail hentry category-fecarnews\">\n\t\t\t\t<a class=\"elementor-post__thumbnail__link\" href=\"https:\/\/fecar.org.br\/?p=6181\" tabindex=\"-1\" >\n\t\t\t<div class=\"elementor-post__thumbnail\"><img loading=\"lazy\" decoding=\"async\" width=\"1600\" height=\"1064\" src=\"https:\/\/fecar.org.br\/wp-content\/uploads\/2024\/04\/PHOTO-2024-04-07-01-21-01-26.jpg\" class=\"attachment-full size-full wp-image-6187\" alt=\"\" srcset=\"https:\/\/fecar.org.br\/wp-content\/uploads\/2024\/04\/PHOTO-2024-04-07-01-21-01-26.jpg 1600w, https:\/\/fecar.org.br\/wp-content\/uploads\/2024\/04\/PHOTO-2024-04-07-01-21-01-26-300x200.jpg 300w, https:\/\/fecar.org.br\/wp-content\/uploads\/2024\/04\/PHOTO-2024-04-07-01-21-01-26-1024x681.jpg 1024w, https:\/\/fecar.org.br\/wp-content\/uploads\/2024\/04\/PHOTO-2024-04-07-01-21-01-26-768x511.jpg 768w, https:\/\/fecar.org.br\/wp-content\/uploads\/2024\/04\/PHOTO-2024-04-07-01-21-01-26-1536x1021.jpg 1536w\" sizes=\"(max-width: 1600px) 100vw, 1600px\" \/><\/div>\n\t\t<\/a>\n\t\t\t\t<div class=\"elementor-post__text\">\n\t\t\t\t<h3 class=\"elementor-post__title\">\n\t\t\t<a href=\"https:\/\/fecar.org.br\/?p=6181\" >\n\t\t\t\tCampe\u00f5es da festa em comemora\u00e7\u00e3o aos 30 anos de Emancipa\u00e7\u00e3o Politica de Sooretama-ES \ud83c\udfc6\ud83d\udd25\ud83d\ude80\t\t\t<\/a>\n\t\t<\/h3>\n\t\t\t\t<div class=\"elementor-post__meta-data\">\n\t\t\t\t\t<span class=\"elementor-post-date\">\n\t\t\t15\/04\/2024\t\t<\/span>\n\t\t\t\t<\/div>\n\t\t\t\t<div class=\"elementor-post__excerpt\">\n\t\t\t<p>\ud83c\udfc6 Alexandre Santos, da cidade de Alegre-ES consagrou-se campe\u00e3o do rodeio em touros e garantiu vaga para a final do Campeonato da Fecar.<\/p>\n\t\t<\/div>\n\t\t\t\t\t<div class=\"elementor-post__read-more-wrapper\">\n\t\t\n\t\t<a class=\"elementor-post__read-more\" href=\"https:\/\/fecar.org.br\/?p=6181\" aria-label=\"Read more about Campe\u00f5es da festa em comemora\u00e7\u00e3o aos 30 anos de Emancipa\u00e7\u00e3o Politica de Sooretama-ES \ud83c\udfc6\ud83d\udd25\ud83d\ude80\" tabindex=\"-1\" >\n\t\t\tLer Tudo \u00bb\t\t<\/a>\n\n\t\t\t\t\t<\/div>\n\t\t\t\t<\/div>\n\t\t\t\t<\/article>\n\t\t\t\t<article class=\"elementor-post elementor-grid-item post-6162 post type-post status-publish format-standard has-post-thumbnail hentry category-fecarnews\">\n\t\t\t\t<a class=\"elementor-post__thumbnail__link\" href=\"https:\/\/fecar.org.br\/?p=6162\" tabindex=\"-1\" >\n\t\t\t<div class=\"elementor-post__thumbnail\"><img loading=\"lazy\" decoding=\"async\" width=\"1284\" height=\"1215\" src=\"https:\/\/fecar.org.br\/wp-content\/uploads\/2024\/04\/IMG_4337.jpeg\" class=\"attachment-full size-full wp-image-6163\" alt=\"\" srcset=\"https:\/\/fecar.org.br\/wp-content\/uploads\/2024\/04\/IMG_4337.jpeg 1284w, https:\/\/fecar.org.br\/wp-content\/uploads\/2024\/04\/IMG_4337-300x284.jpeg 300w, https:\/\/fecar.org.br\/wp-content\/uploads\/2024\/04\/IMG_4337-1024x969.jpeg 1024w, https:\/\/fecar.org.br\/wp-content\/uploads\/2024\/04\/IMG_4337-768x727.jpeg 768w\" sizes=\"(max-width: 1284px) 100vw, 1284px\" \/><\/div>\n\t\t<\/a>\n\t\t\t\t<div class=\"elementor-post__text\">\n\t\t\t\t<h3 class=\"elementor-post__title\">\n\t\t\t<a href=\"https:\/\/fecar.org.br\/?p=6162\" >\n\t\t\t\tVin\u00edcius Pinheiro, Orgulho de Aimor\u00e9s MG: Vit\u00f3ria Magn\u00edfica no Circuito CRTR em Baixo Guandu\t\t\t<\/a>\n\t\t<\/h3>\n\t\t\t\t<div class=\"elementor-post__meta-data\">\n\t\t\t\t\t<span class=\"elementor-post-date\">\n\t\t\t10\/04\/2024\t\t<\/span>\n\t\t\t\t<\/div>\n\t\t\t\t<div class=\"elementor-post__excerpt\">\n\t\t\t<p>O destaque do evento foi o talentoso cowboy Vin\u00edcius Pinheiro, que se consagrou como o grande campe\u00e3o da competi\u00e7\u00e3o. Com habilidade e destreza impressionantes, Vin\u00edcius n\u00e3o apenas conquistou o p\u00fablico, mas tamb\u00e9m levou para casa uma premia\u00e7\u00e3o no valor de 5 mil reais.<\/p>\n\t\t<\/div>\n\t\t\t\t\t<div class=\"elementor-post__read-more-wrapper\">\n\t\t\n\t\t<a class=\"elementor-post__read-more\" href=\"https:\/\/fecar.org.br\/?p=6162\" aria-label=\"Read more about Vin\u00edcius Pinheiro, Orgulho de Aimor\u00e9s MG: Vit\u00f3ria Magn\u00edfica no Circuito CRTR em Baixo Guandu\" tabindex=\"-1\" >\n\t\t\tLer Tudo \u00bb\t\t<\/a>\n\n\t\t\t\t\t<\/div>\n\t\t\t\t<\/div>\n\t\t\t\t<\/article>\n\t\t\t\t<\/div>\n\t\t\n\t\t\t\t\t\t<\/div>\n\t\t\t\t<\/div>\n\t\t\t\t<div class=\"elementor-element elementor-element-0d8cbcc elementor-widget elementor-widget-spacer\" data-id=\"0d8cbcc\" data-element_type=\"widget\" data-widget_type=\"spacer.default\">\n\t\t\t\t<div class=\"elementor-widget-container\">\n\t\t\t\t\t\t\t<div class=\"elementor-spacer\">\n\t\t\t<div class=\"elementor-spacer-inner\"><\/div>\n\t\t<\/div>\n\t\t\t\t\t\t<\/div>\n\t\t\t\t<\/div>\n\t\t\t\t\t<\/div>\n\t\t\t\t<\/div>\n\t\t\t\t<\/div>\n\t\t","protected":false},"excerpt":{"rendered":"<p>\u00daltimas Not\u00edcias<\/p>\n","protected":false},"author":1,"featured_media":0,"parent":0,"menu_order":0,"comment_status":"closed","ping_status":"closed","template":"elementor_header_footer","meta":{"footnotes":""},"class_list":["post-5215","page","type-page","status-publish","hentry"],"_links":{"self":[{"href":"https:\/\/fecar.org.br\/index.php?rest_route=\/wp\/v2\/pages\/5215","targetHints":{"allow":["GET"]}}],"collection":[{"href":"https:\/\/fecar.org.br\/index.php?rest_route=\/wp\/v2\/pages"}],"about":[{"href":"https:\/\/fecar.org.br\/index.php?rest_route=\/wp\/v2\/types\/page"}],"author":[{"embeddable":true,"href":"https:\/\/fecar.org.br\/index.php?rest_route=\/wp\/v2\/users\/1"}],"replies":[{"embeddable":true,"href":"https:\/\/fecar.org.br\/index.php?rest_route=%2Fwp%2Fv2%2Fcomments&post=5215"}],"version-history":[{"count":13,"href":"https:\/\/fecar.org.br\/index.php?rest_route=\/wp\/v2\/pages\/5215\/revisions"}],"predecessor-version":[{"id":5325,"href":"https:\/\/fecar.org.br\/index.php?rest_route=\/wp\/v2\/pages\/5215\/revisions\/5325"}],"wp:attachment":[{"href":"https:\/\/fecar.org.br\/index.php?rest_route=%2Fwp%2Fv2%2Fmedia&parent=5215"}],"curies":[{"name":"wp","href":"https:\/\/api.w.org\/{rel}","templated":true}]}}