{"id":5060,"date":"2025-11-26T23:30:07","date_gmt":"2025-11-26T23:30:07","guid":{"rendered":"https:\/\/fecar.org.br\/?page_id=5060"},"modified":"2025-11-26T23:30:07","modified_gmt":"2025-11-26T23:30:07","slug":"quem-somos","status":"publish","type":"page","link":"https:\/\/fecar.org.br\/?page_id=5060","title":{"rendered":"Quem Somos"},"content":{"rendered":"\t\t<div data-elementor-type=\"wp-page\" data-elementor-id=\"5060\" class=\"elementor elementor-5060\" data-elementor-post-type=\"page\">\n\t\t\t\t<div class=\"elementor-element elementor-element-2220c19 e-flex e-con-boxed e-con e-parent\" data-id=\"2220c19\" data-element_type=\"container\">\n\t\t\t\t\t<div class=\"e-con-inner\">\n\t\t\t\t<div class=\"elementor-element elementor-element-beb1de3 elementor-widget elementor-widget-heading\" data-id=\"beb1de3\" data-element_type=\"widget\" data-widget_type=\"heading.default\">\n\t\t\t\t<div class=\"elementor-widget-container\">\n\t\t\t\t\t<h2 class=\"elementor-heading-title elementor-size-default\">Quem Somos<\/h2>\t\t\t\t<\/div>\n\t\t\t\t<\/div>\n\t\t\t\t\t<\/div>\n\t\t\t\t<\/div>\n\t\t<div class=\"elementor-element elementor-element-f877699 e-flex e-con-boxed e-con e-parent\" data-id=\"f877699\" data-element_type=\"container\">\n\t\t\t\t\t<div class=\"e-con-inner\">\n\t\t\t\t<div class=\"elementor-element elementor-element-87ade0a elementor-widget elementor-widget-heading\" data-id=\"87ade0a\" data-element_type=\"widget\" data-widget_type=\"heading.default\">\n\t\t\t\t<div class=\"elementor-widget-container\">\n\t\t\t\t\t<h2 class=\"elementor-heading-title elementor-size-default\">FECAR - FEDERA\u00c7\u00c3O CAPIXABA DE RODEIO<\/h2>\t\t\t\t<\/div>\n\t\t\t\t<\/div>\n\t\t\t\t\t<\/div>\n\t\t\t\t<\/div>\n\t\t<div class=\"elementor-element elementor-element-2162ea0 e-flex e-con-boxed e-con e-parent\" data-id=\"2162ea0\" data-element_type=\"container\">\n\t\t\t\t\t<div class=\"e-con-inner\">\n\t\t\t\t<div class=\"elementor-element elementor-element-f10ac4f elementor-widget elementor-widget-text-editor\" data-id=\"f10ac4f\" data-element_type=\"widget\" data-widget_type=\"text-editor.default\">\n\t\t\t\t<div class=\"elementor-widget-container\">\n\t\t\t\t\t\t\t\t\t<p>\u00c9 uma entidade estadual de administra\u00e7\u00e3o do desporto sem fins lucrativos. Em plena atividade desde o ano de 2023, a FECAR \u00e9 reconhecida nacionalmente pela CNAR &#8211; Confedera\u00e7\u00e3o Nacional de Rodeio.<\/p><p>Temos por objetivo regulamentar e fiscalizar o esporte Rodeio no estado do Esp\u00edrito Santo.<\/p>\t\t\t\t\t\t\t\t<\/div>\n\t\t\t\t<\/div>\n\t\t\t\t\t<\/div>\n\t\t\t\t<\/div>\n\t\t<div class=\"elementor-element elementor-element-44a56b5 e-flex e-con-boxed e-con e-parent\" data-id=\"44a56b5\" data-element_type=\"container\">\n\t\t\t\t\t<div class=\"e-con-inner\">\n\t\t\t\t<div class=\"elementor-element elementor-element-bfc6394 elementor-widget elementor-widget-heading\" data-id=\"bfc6394\" data-element_type=\"widget\" data-widget_type=\"heading.default\">\n\t\t\t\t<div class=\"elementor-widget-container\">\n\t\t\t\t\t<h2 class=\"elementor-heading-title elementor-size-default\">Diretoria<\/h2>\t\t\t\t<\/div>\n\t\t\t\t<\/div>\n\t\t\t\t\t<\/div>\n\t\t\t\t<\/div>\n\t\t<div class=\"elementor-element elementor-element-4020029 e-flex e-con-boxed e-con e-parent\" data-id=\"4020029\" data-element_type=\"container\">\n\t\t\t\t\t<div class=\"e-con-inner\">\n\t\t<div class=\"elementor-element elementor-element-94d2e19 e-con-full e-flex e-con e-child\" data-id=\"94d2e19\" data-element_type=\"container\">\n\t\t\t\t<div class=\"elementor-element elementor-element-9d2ad80 elementor-widget elementor-widget-heading\" data-id=\"9d2ad80\" data-element_type=\"widget\" data-widget_type=\"heading.default\">\n\t\t\t\t<div class=\"elementor-widget-container\">\n\t\t\t\t\t<h2 class=\"elementor-heading-title elementor-size-default\">Presidente<\/h2>\t\t\t\t<\/div>\n\t\t\t\t<\/div>\n\t\t\t\t<\/div>\n\t\t<div class=\"elementor-element elementor-element-fe76dc5 e-con-full e-flex e-con e-child\" data-id=\"fe76dc5\" data-element_type=\"container\">\n\t\t\t\t<div class=\"elementor-element elementor-element-1f2abc1 elementor-widget elementor-widget-heading\" data-id=\"1f2abc1\" data-element_type=\"widget\" data-widget_type=\"heading.default\">\n\t\t\t\t<div class=\"elementor-widget-container\">\n\t\t\t\t\t<h2 class=\"elementor-heading-title elementor-size-default\"><h2 data-elementor-setting-key=\"title\" data-pen-placeholder=\"Digite aqui...\" style=\"font-style: normal\">Valdeni T\u00e1vora<span style=\"font-family: inherit;font-style: inherit\"><\/span><\/h2><\/h2>\t\t\t\t<\/div>\n\t\t\t\t<\/div>\n\t\t\t\t<\/div>\n\t\t\t\t\t<\/div>\n\t\t\t\t<\/div>\n\t\t<div class=\"elementor-element elementor-element-f7a3cb2 e-flex e-con-boxed e-con e-parent\" data-id=\"f7a3cb2\" data-element_type=\"container\">\n\t\t\t\t\t<div class=\"e-con-inner\">\n\t\t\t\t<div class=\"elementor-element elementor-element-dcd4bb9 elementor-widget-divider--view-line elementor-widget elementor-widget-divider\" data-id=\"dcd4bb9\" data-element_type=\"widget\" data-widget_type=\"divider.default\">\n\t\t\t\t<div class=\"elementor-widget-container\">\n\t\t\t\t\t\t\t<div class=\"elementor-divider\">\n\t\t\t<span class=\"elementor-divider-separator\">\n\t\t\t\t\t\t<\/span>\n\t\t<\/div>\n\t\t\t\t\t\t<\/div>\n\t\t\t\t<\/div>\n\t\t\t\t\t<\/div>\n\t\t\t\t<\/div>\n\t\t<div class=\"elementor-element elementor-element-db5afad e-flex e-con-boxed e-con e-parent\" data-id=\"db5afad\" data-element_type=\"container\">\n\t\t\t\t\t<div class=\"e-con-inner\">\n\t\t<div class=\"elementor-element elementor-element-2eb388d e-con-full e-flex e-con e-child\" data-id=\"2eb388d\" data-element_type=\"container\">\n\t\t\t\t<div class=\"elementor-element elementor-element-db1d065 elementor-widget elementor-widget-heading\" data-id=\"db1d065\" data-element_type=\"widget\" data-widget_type=\"heading.default\">\n\t\t\t\t<div class=\"elementor-widget-container\">\n\t\t\t\t\t<h2 class=\"elementor-heading-title elementor-size-default\">Vice Presidente<\/h2>\t\t\t\t<\/div>\n\t\t\t\t<\/div>\n\t\t\t\t<\/div>\n\t\t<div class=\"elementor-element elementor-element-b858dc9 e-con-full e-flex e-con e-child\" data-id=\"b858dc9\" data-element_type=\"container\">\n\t\t\t\t<div class=\"elementor-element elementor-element-7fdf043 elementor-widget elementor-widget-heading\" data-id=\"7fdf043\" data-element_type=\"widget\" data-widget_type=\"heading.default\">\n\t\t\t\t<div class=\"elementor-widget-container\">\n\t\t\t\t\t<h2 class=\"elementor-heading-title elementor-size-default\"><h2 data-elementor-setting-key=\"title\" data-pen-placeholder=\"Digite aqui...\" style=\"font-style: normal\">Romualdo Eust\u00e1quio Luz Faria<span style=\"font-family: inherit;font-style: inherit\"><\/span><\/h2><\/h2>\t\t\t\t<\/div>\n\t\t\t\t<\/div>\n\t\t\t\t<\/div>\n\t\t\t\t\t<\/div>\n\t\t\t\t<\/div>\n\t\t<div class=\"elementor-element elementor-element-f1bb413 e-flex e-con-boxed e-con e-parent\" data-id=\"f1bb413\" data-element_type=\"container\">\n\t\t\t\t\t<div class=\"e-con-inner\">\n\t\t\t\t<div class=\"elementor-element elementor-element-8d5f3c0 elementor-widget-divider--view-line elementor-widget elementor-widget-divider\" data-id=\"8d5f3c0\" data-element_type=\"widget\" data-widget_type=\"divider.default\">\n\t\t\t\t<div class=\"elementor-widget-container\">\n\t\t\t\t\t\t\t<div class=\"elementor-divider\">\n\t\t\t<span class=\"elementor-divider-separator\">\n\t\t\t\t\t\t<\/span>\n\t\t<\/div>\n\t\t\t\t\t\t<\/div>\n\t\t\t\t<\/div>\n\t\t\t\t\t<\/div>\n\t\t\t\t<\/div>\n\t\t<div class=\"elementor-element elementor-element-e4cc201 e-flex e-con-boxed e-con e-parent\" data-id=\"e4cc201\" data-element_type=\"container\">\n\t\t\t\t\t<div class=\"e-con-inner\">\n\t\t<div class=\"elementor-element elementor-element-c7814b7 e-con-full e-flex e-con e-child\" data-id=\"c7814b7\" data-element_type=\"container\">\n\t\t\t\t<div class=\"elementor-element elementor-element-55b3f0e elementor-widget elementor-widget-heading\" data-id=\"55b3f0e\" data-element_type=\"widget\" data-widget_type=\"heading.default\">\n\t\t\t\t<div class=\"elementor-widget-container\">\n\t\t\t\t\t<h2 class=\"elementor-heading-title elementor-size-default\">Primeiro Secret\u00e1rio<\/h2>\t\t\t\t<\/div>\n\t\t\t\t<\/div>\n\t\t\t\t<\/div>\n\t\t<div class=\"elementor-element elementor-element-8183822 e-con-full e-flex e-con e-child\" data-id=\"8183822\" data-element_type=\"container\">\n\t\t\t\t<div class=\"elementor-element elementor-element-82086ea elementor-widget elementor-widget-heading\" data-id=\"82086ea\" data-element_type=\"widget\" data-widget_type=\"heading.default\">\n\t\t\t\t<div class=\"elementor-widget-container\">\n\t\t\t\t\t<h2 class=\"elementor-heading-title elementor-size-default\">Fl\u00e1vio Roberto Trindade<\/h2>\t\t\t\t<\/div>\n\t\t\t\t<\/div>\n\t\t\t\t<\/div>\n\t\t\t\t\t<\/div>\n\t\t\t\t<\/div>\n\t\t<div class=\"elementor-element elementor-element-050f682 e-flex e-con-boxed e-con e-parent\" data-id=\"050f682\" data-element_type=\"container\">\n\t\t\t\t\t<div class=\"e-con-inner\">\n\t\t\t\t<div class=\"elementor-element elementor-element-aeeeecb elementor-widget-divider--view-line elementor-widget elementor-widget-divider\" data-id=\"aeeeecb\" data-element_type=\"widget\" data-widget_type=\"divider.default\">\n\t\t\t\t<div class=\"elementor-widget-container\">\n\t\t\t\t\t\t\t<div class=\"elementor-divider\">\n\t\t\t<span class=\"elementor-divider-separator\">\n\t\t\t\t\t\t<\/span>\n\t\t<\/div>\n\t\t\t\t\t\t<\/div>\n\t\t\t\t<\/div>\n\t\t\t\t\t<\/div>\n\t\t\t\t<\/div>\n\t\t<div class=\"elementor-element elementor-element-acc4942 e-flex e-con-boxed e-con e-parent\" data-id=\"acc4942\" data-element_type=\"container\">\n\t\t\t\t\t<div class=\"e-con-inner\">\n\t\t<div class=\"elementor-element elementor-element-f8606e1 e-con-full e-flex e-con e-child\" data-id=\"f8606e1\" data-element_type=\"container\">\n\t\t\t\t<div class=\"elementor-element elementor-element-8724cba elementor-widget elementor-widget-heading\" data-id=\"8724cba\" data-element_type=\"widget\" data-widget_type=\"heading.default\">\n\t\t\t\t<div class=\"elementor-widget-container\">\n\t\t\t\t\t<h2 class=\"elementor-heading-title elementor-size-default\">Segundo Secret\u00e1rio<\/h2>\t\t\t\t<\/div>\n\t\t\t\t<\/div>\n\t\t\t\t<\/div>\n\t\t<div class=\"elementor-element elementor-element-17f75cd e-con-full e-flex e-con e-child\" data-id=\"17f75cd\" data-element_type=\"container\">\n\t\t\t\t<div class=\"elementor-element elementor-element-17b82f0 elementor-widget elementor-widget-heading\" data-id=\"17b82f0\" data-element_type=\"widget\" data-widget_type=\"heading.default\">\n\t\t\t\t<div class=\"elementor-widget-container\">\n\t\t\t\t\t<h2 class=\"elementor-heading-title elementor-size-default\">Jos\u00e9 Carlos de Souza<\/h2>\t\t\t\t<\/div>\n\t\t\t\t<\/div>\n\t\t\t\t<\/div>\n\t\t\t\t\t<\/div>\n\t\t\t\t<\/div>\n\t\t<div class=\"elementor-element elementor-element-5a485ba e-flex e-con-boxed e-con e-parent\" data-id=\"5a485ba\" data-element_type=\"container\">\n\t\t\t\t\t<div class=\"e-con-inner\">\n\t\t\t\t<div class=\"elementor-element elementor-element-5b24a2a elementor-widget-divider--view-line elementor-widget elementor-widget-divider\" data-id=\"5b24a2a\" data-element_type=\"widget\" data-widget_type=\"divider.default\">\n\t\t\t\t<div class=\"elementor-widget-container\">\n\t\t\t\t\t\t\t<div class=\"elementor-divider\">\n\t\t\t<span class=\"elementor-divider-separator\">\n\t\t\t\t\t\t<\/span>\n\t\t<\/div>\n\t\t\t\t\t\t<\/div>\n\t\t\t\t<\/div>\n\t\t\t\t\t<\/div>\n\t\t\t\t<\/div>\n\t\t<div class=\"elementor-element elementor-element-1f38e58 e-flex e-con-boxed e-con e-parent\" data-id=\"1f38e58\" data-element_type=\"container\">\n\t\t\t\t\t<div class=\"e-con-inner\">\n\t\t<div class=\"elementor-element elementor-element-d526840 e-con-full e-flex e-con e-child\" data-id=\"d526840\" data-element_type=\"container\">\n\t\t\t\t<div class=\"elementor-element elementor-element-807ad49 elementor-widget elementor-widget-heading\" data-id=\"807ad49\" data-element_type=\"widget\" data-widget_type=\"heading.default\">\n\t\t\t\t<div class=\"elementor-widget-container\">\n\t\t\t\t\t<h2 class=\"elementor-heading-title elementor-size-default\">Primeiro Tesoureiro<\/h2>\t\t\t\t<\/div>\n\t\t\t\t<\/div>\n\t\t\t\t<\/div>\n\t\t<div class=\"elementor-element elementor-element-1b70429 e-con-full e-flex e-con e-child\" data-id=\"1b70429\" data-element_type=\"container\">\n\t\t\t\t<div class=\"elementor-element elementor-element-432e59b elementor-widget elementor-widget-heading\" data-id=\"432e59b\" data-element_type=\"widget\" data-widget_type=\"heading.default\">\n\t\t\t\t<div class=\"elementor-widget-container\">\n\t\t\t\t\t<h2 class=\"elementor-heading-title elementor-size-default\">Cleim\u00e1rcio Gomes Mar\u00e7al <\/h2>\t\t\t\t<\/div>\n\t\t\t\t<\/div>\n\t\t\t\t<\/div>\n\t\t\t\t\t<\/div>\n\t\t\t\t<\/div>\n\t\t<div class=\"elementor-element elementor-element-2e46cb6 e-flex e-con-boxed e-con e-parent\" data-id=\"2e46cb6\" data-element_type=\"container\">\n\t\t\t\t\t<div class=\"e-con-inner\">\n\t\t\t\t<div class=\"elementor-element elementor-element-8188c3b elementor-widget-divider--view-line elementor-widget elementor-widget-divider\" data-id=\"8188c3b\" data-element_type=\"widget\" data-widget_type=\"divider.default\">\n\t\t\t\t<div class=\"elementor-widget-container\">\n\t\t\t\t\t\t\t<div class=\"elementor-divider\">\n\t\t\t<span class=\"elementor-divider-separator\">\n\t\t\t\t\t\t<\/span>\n\t\t<\/div>\n\t\t\t\t\t\t<\/div>\n\t\t\t\t<\/div>\n\t\t\t\t\t<\/div>\n\t\t\t\t<\/div>\n\t\t<div class=\"elementor-element elementor-element-f77907b e-flex e-con-boxed e-con e-parent\" data-id=\"f77907b\" data-element_type=\"container\">\n\t\t\t\t\t<div class=\"e-con-inner\">\n\t\t<div class=\"elementor-element elementor-element-726111d e-con-full e-flex e-con e-child\" data-id=\"726111d\" data-element_type=\"container\">\n\t\t\t\t<div class=\"elementor-element elementor-element-95b1582 elementor-widget elementor-widget-heading\" data-id=\"95b1582\" data-element_type=\"widget\" data-widget_type=\"heading.default\">\n\t\t\t\t<div class=\"elementor-widget-container\">\n\t\t\t\t\t<h2 class=\"elementor-heading-title elementor-size-default\">Segundo Tesoureiro<\/h2>\t\t\t\t<\/div>\n\t\t\t\t<\/div>\n\t\t\t\t<\/div>\n\t\t<div class=\"elementor-element elementor-element-14a34be e-con-full e-flex e-con e-child\" data-id=\"14a34be\" data-element_type=\"container\">\n\t\t\t\t<div class=\"elementor-element elementor-element-6f5f15d elementor-widget elementor-widget-heading\" data-id=\"6f5f15d\" data-element_type=\"widget\" data-widget_type=\"heading.default\">\n\t\t\t\t<div class=\"elementor-widget-container\">\n\t\t\t\t\t<h2 class=\"elementor-heading-title elementor-size-default\">Rog\u00e9rio Ferreira Pinel J\u00fanior<\/h2>\t\t\t\t<\/div>\n\t\t\t\t<\/div>\n\t\t\t\t<\/div>\n\t\t\t\t\t<\/div>\n\t\t\t\t<\/div>\n\t\t<div class=\"elementor-element elementor-element-efccd6a e-flex e-con-boxed e-con e-parent\" data-id=\"efccd6a\" data-element_type=\"container\">\n\t\t\t\t\t<div class=\"e-con-inner\">\n\t\t\t\t<div class=\"elementor-element elementor-element-ecf0986 elementor-widget-divider--view-line elementor-widget elementor-widget-divider\" data-id=\"ecf0986\" data-element_type=\"widget\" data-widget_type=\"divider.default\">\n\t\t\t\t<div class=\"elementor-widget-container\">\n\t\t\t\t\t\t\t<div class=\"elementor-divider\">\n\t\t\t<span class=\"elementor-divider-separator\">\n\t\t\t\t\t\t<\/span>\n\t\t<\/div>\n\t\t\t\t\t\t<\/div>\n\t\t\t\t<\/div>\n\t\t\t\t\t<\/div>\n\t\t\t\t<\/div>\n\t\t<div class=\"elementor-element elementor-element-2a16c5b e-flex e-con-boxed e-con e-parent\" data-id=\"2a16c5b\" data-element_type=\"container\">\n\t\t\t\t\t<div class=\"e-con-inner\">\n\t\t<div class=\"elementor-element elementor-element-d3f0e8c e-con-full e-flex e-con e-child\" data-id=\"d3f0e8c\" data-element_type=\"container\">\n\t\t\t\t<div class=\"elementor-element elementor-element-b3b1bc9 elementor-widget elementor-widget-heading\" data-id=\"b3b1bc9\" data-element_type=\"widget\" data-widget_type=\"heading.default\">\n\t\t\t\t<div class=\"elementor-widget-container\">\n\t\t\t\t\t<h2 class=\"elementor-heading-title elementor-size-default\">Conselho Fiscal Titular<\/h2>\t\t\t\t<\/div>\n\t\t\t\t<\/div>\n\t\t\t\t<\/div>\n\t\t<div class=\"elementor-element elementor-element-a99f5d9 e-con-full e-flex e-con e-child\" data-id=\"a99f5d9\" data-element_type=\"container\">\n\t\t\t\t<div class=\"elementor-element elementor-element-ecda1de elementor-widget elementor-widget-heading\" data-id=\"ecda1de\" data-element_type=\"widget\" data-widget_type=\"heading.default\">\n\t\t\t\t<div class=\"elementor-widget-container\">\n\t\t\t\t\t<h2 class=\"elementor-heading-title elementor-size-default\">Roni Reis<br>Fabiano Veiga<br>Wodson Chagas<\/h2>\t\t\t\t<\/div>\n\t\t\t\t<\/div>\n\t\t\t\t<\/div>\n\t\t\t\t\t<\/div>\n\t\t\t\t<\/div>\n\t\t<div class=\"elementor-element elementor-element-9a8c1f3 e-flex e-con-boxed e-con e-parent\" data-id=\"9a8c1f3\" data-element_type=\"container\">\n\t\t\t\t\t<div class=\"e-con-inner\">\n\t\t\t\t<div class=\"elementor-element elementor-element-089385e elementor-widget-divider--view-line elementor-widget elementor-widget-divider\" data-id=\"089385e\" data-element_type=\"widget\" data-widget_type=\"divider.default\">\n\t\t\t\t<div class=\"elementor-widget-container\">\n\t\t\t\t\t\t\t<div class=\"elementor-divider\">\n\t\t\t<span class=\"elementor-divider-separator\">\n\t\t\t\t\t\t<\/span>\n\t\t<\/div>\n\t\t\t\t\t\t<\/div>\n\t\t\t\t<\/div>\n\t\t\t\t\t<\/div>\n\t\t\t\t<\/div>\n\t\t<div class=\"elementor-element elementor-element-a3a1c2a e-flex e-con-boxed e-con e-parent\" data-id=\"a3a1c2a\" data-element_type=\"container\">\n\t\t\t\t\t<div class=\"e-con-inner\">\n\t\t<div class=\"elementor-element elementor-element-b2ef401 e-con-full e-flex e-con e-child\" data-id=\"b2ef401\" data-element_type=\"container\">\n\t\t\t\t<div class=\"elementor-element elementor-element-c94115b elementor-widget elementor-widget-heading\" data-id=\"c94115b\" data-element_type=\"widget\" data-widget_type=\"heading.default\">\n\t\t\t\t<div class=\"elementor-widget-container\">\n\t\t\t\t\t<h2 class=\"elementor-heading-title elementor-size-default\">Conselho Fiscal Suplentes<\/h2>\t\t\t\t<\/div>\n\t\t\t\t<\/div>\n\t\t\t\t<\/div>\n\t\t<div class=\"elementor-element elementor-element-c3268b7 e-con-full e-flex e-con e-child\" data-id=\"c3268b7\" data-element_type=\"container\">\n\t\t\t\t<div class=\"elementor-element elementor-element-43c1069 elementor-widget elementor-widget-heading\" data-id=\"43c1069\" data-element_type=\"widget\" data-widget_type=\"heading.default\">\n\t\t\t\t<div class=\"elementor-widget-container\">\n\t\t\t\t\t<h2 class=\"elementor-heading-title elementor-size-default\">Tales Augusto da Luz Barros<br>Jair Gomes Mar\u00e7al<\/h2>\t\t\t\t<\/div>\n\t\t\t\t<\/div>\n\t\t\t\t<\/div>\n\t\t\t\t\t<\/div>\n\t\t\t\t<\/div>\n\t\t<div class=\"elementor-element elementor-element-a11d0dc e-flex e-con-boxed e-con e-parent\" data-id=\"a11d0dc\" data-element_type=\"container\">\n\t\t\t\t\t<div class=\"e-con-inner\">\n\t\t\t\t<div class=\"elementor-element elementor-element-3fc72f2 elementor-widget elementor-widget-spacer\" data-id=\"3fc72f2\" data-element_type=\"widget\" data-widget_type=\"spacer.default\">\n\t\t\t\t<div class=\"elementor-widget-container\">\n\t\t\t\t\t\t\t<div class=\"elementor-spacer\">\n\t\t\t<div class=\"elementor-spacer-inner\"><\/div>\n\t\t<\/div>\n\t\t\t\t\t\t<\/div>\n\t\t\t\t<\/div>\n\t\t\t\t\t<\/div>\n\t\t\t\t<\/div>\n\t\t<div class=\"elementor-element elementor-element-03fd1ec e-flex e-con-boxed e-con e-parent\" data-id=\"03fd1ec\" data-element_type=\"container\">\n\t\t\t\t\t<div class=\"e-con-inner\">\n\t\t\t\t<div class=\"elementor-element elementor-element-9b3bc6e elementor-widget elementor-widget-heading\" data-id=\"9b3bc6e\" data-element_type=\"widget\" data-widget_type=\"heading.default\">\n\t\t\t\t<div class=\"elementor-widget-container\">\n\t\t\t\t\t<h2 class=\"elementor-heading-title elementor-size-default\">SOMOS FILIADOS A CNAR - CONFEDERA\u00c7\u00c3O NACIONAL DO RODEIO<\/h2>\t\t\t\t<\/div>\n\t\t\t\t<\/div>\n\t\t\t\t<div class=\"elementor-element elementor-element-92eb78a elementor-view-default elementor-widget elementor-widget-icon\" data-id=\"92eb78a\" data-element_type=\"widget\" data-widget_type=\"icon.default\">\n\t\t\t\t<div class=\"elementor-widget-container\">\n\t\t\t\t\t\t\t<div class=\"elementor-icon-wrapper\">\n\t\t\t<div class=\"elementor-icon\">\n\t\t\t<svg aria-hidden=\"true\" class=\"e-font-icon-svg e-fas-angle-double-down\" viewBox=\"0 0 320 512\" xmlns=\"http:\/\/www.w3.org\/2000\/svg\"><path d=\"M143 256.3L7 120.3c-9.4-9.4-9.4-24.6 0-33.9l22.6-22.6c9.4-9.4 24.6-9.4 33.9 0l96.4 96.4 96.4-96.4c9.4-9.4 24.6-9.4 33.9 0L313 86.3c9.4 9.4 9.4 24.6 0 33.9l-136 136c-9.4 9.5-24.6 9.5-34 .1zm34 192l136-136c9.4-9.4 9.4-24.6 0-33.9l-22.6-22.6c-9.4-9.4-24.6-9.4-33.9 0L160 352.1l-96.4-96.4c-9.4-9.4-24.6-9.4-33.9 0L7 278.3c-9.4 9.4-9.4 24.6 0 33.9l136 136c9.4 9.5 24.6 9.5 34 .1z\"><\/path><\/svg>\t\t\t<\/div>\n\t\t<\/div>\n\t\t\t\t\t\t<\/div>\n\t\t\t\t<\/div>\n\t\t\t\t\t<\/div>\n\t\t\t\t<\/div>\n\t\t<div class=\"elementor-element elementor-element-9836377 e-flex e-con-boxed e-con e-parent\" data-id=\"9836377\" data-element_type=\"container\">\n\t\t\t\t\t<div class=\"e-con-inner\">\n\t\t\t\t<div class=\"elementor-element elementor-element-bd9da21 elementor-widget elementor-widget-pdf_viewer\" data-id=\"bd9da21\" data-element_type=\"widget\" data-widget_type=\"pdf_viewer.default\">\n\t\t\t\t<div class=\"elementor-widget-container\">\n\t\t\t\t\t<iframe src=\"https:\/\/docs.google.com\/viewer?url=https:\/\/fecar.org.br\/wp-content\/uploads\/2025\/07\/Oficio_FILIACAO_CNAR_X_FECAR_Atualizada_2025_assinado.pdf&amp;embedded=true\" style=\"display: block; margin-left: auto; margin-right: auto; width: 640px; height: 550px;\" frameborder=\"1\" marginheight=\"0px\" marginwidth=\"0px\" allowfullscreen><\/iframe>\t\t\t\t<\/div>\n\t\t\t\t<\/div>\n\t\t\t\t\t<\/div>\n\t\t\t\t<\/div>\n\t\t<div class=\"elementor-element elementor-element-e80ad51 e-flex e-con-boxed e-con e-parent\" data-id=\"e80ad51\" data-element_type=\"container\">\n\t\t\t\t\t<div class=\"e-con-inner\">\n\t\t\t\t<div class=\"elementor-element elementor-element-e408915 elementor-widget elementor-widget-spacer\" data-id=\"e408915\" data-element_type=\"widget\" data-widget_type=\"spacer.default\">\n\t\t\t\t<div class=\"elementor-widget-container\">\n\t\t\t\t\t\t\t<div class=\"elementor-spacer\">\n\t\t\t<div class=\"elementor-spacer-inner\"><\/div>\n\t\t<\/div>\n\t\t\t\t\t\t<\/div>\n\t\t\t\t<\/div>\n\t\t\t\t\t<\/div>\n\t\t\t\t<\/div>\n\t\t<div class=\"elementor-element elementor-element-487d538 e-flex e-con-boxed e-con e-parent\" data-id=\"487d538\" data-element_type=\"container\">\n\t\t\t\t\t<div class=\"e-con-inner\">\n\t\t\t\t<div class=\"elementor-element elementor-element-0248bf9 elementor-widget elementor-widget-image\" data-id=\"0248bf9\" data-element_type=\"widget\" data-widget_type=\"image.default\">\n\t\t\t\t<div class=\"elementor-widget-container\">\n\t\t\t\t\t\t\t\t\t\t\t\t\t\t\t<img fetchpriority=\"high\" decoding=\"async\" width=\"1700\" height=\"1250\" src=\"https:\/\/fecar.org.br\/wp-content\/uploads\/2020\/02\/FIVELA-FECAR-SEM-FUNDO.png\" class=\"attachment-full size-full wp-image-2320\" alt=\"\" srcset=\"https:\/\/fecar.org.br\/wp-content\/uploads\/2020\/02\/FIVELA-FECAR-SEM-FUNDO.png 1700w, https:\/\/fecar.org.br\/wp-content\/uploads\/2020\/02\/FIVELA-FECAR-SEM-FUNDO-300x221.png 300w, https:\/\/fecar.org.br\/wp-content\/uploads\/2020\/02\/FIVELA-FECAR-SEM-FUNDO-1024x753.png 1024w, https:\/\/fecar.org.br\/wp-content\/uploads\/2020\/02\/FIVELA-FECAR-SEM-FUNDO-768x565.png 768w, https:\/\/fecar.org.br\/wp-content\/uploads\/2020\/02\/FIVELA-FECAR-SEM-FUNDO-1536x1129.png 1536w, https:\/\/fecar.org.br\/wp-content\/uploads\/2020\/02\/FIVELA-FECAR-SEM-FUNDO-120x88.png 120w\" sizes=\"(max-width: 1700px) 100vw, 1700px\" \/>\t\t\t\t\t\t\t\t\t\t\t\t\t\t\t<\/div>\n\t\t\t\t<\/div>\n\t\t\t\t\t<\/div>\n\t\t\t\t<\/div>\n\t\t\t\t<\/div>\n\t\t","protected":false},"excerpt":{"rendered":"<p>Quem Somos FECAR &#8211; FEDERA\u00c7\u00c3O CAPIXABA DE RODEIO \u00c9 uma entidade estadual de administra\u00e7\u00e3o do desporto sem fins lucrativos. Em plena atividade desde o ano de 2023, a FECAR \u00e9 reconhecida nacionalmente pela CNAR &#8211; Confedera\u00e7\u00e3o Nacional de Rodeio. Temos por objetivo regulamentar e fiscalizar o esporte Rodeio no estado do Esp\u00edrito Santo. Diretoria Presidente &#8230; <a title=\"Quem Somos\" class=\"read-more\" href=\"https:\/\/fecar.org.br\/?page_id=5060\" aria-label=\"Read more about Quem Somos\">Ler mais<\/a><\/p>\n","protected":false},"author":1,"featured_media":0,"parent":0,"menu_order":0,"comment_status":"closed","ping_status":"closed","template":"elementor_header_footer","meta":{"footnotes":""},"class_list":["post-5060","page","type-page","status-publish"],"_links":{"self":[{"href":"https:\/\/fecar.org.br\/index.php?rest_route=\/wp\/v2\/pages\/5060","targetHints":{"allow":["GET"]}}],"collection":[{"href":"https:\/\/fecar.org.br\/index.php?rest_route=\/wp\/v2\/pages"}],"about":[{"href":"https:\/\/fecar.org.br\/index.php?rest_route=\/wp\/v2\/types\/page"}],"author":[{"embeddable":true,"href":"https:\/\/fecar.org.br\/index.php?rest_route=\/wp\/v2\/users\/1"}],"replies":[{"embeddable":true,"href":"https:\/\/fecar.org.br\/index.php?rest_route=%2Fwp%2Fv2%2Fcomments&post=5060"}],"version-history":[{"count":70,"href":"https:\/\/fecar.org.br\/index.php?rest_route=\/wp\/v2\/pages\/5060\/revisions"}],"predecessor-version":[{"id":6966,"href":"https:\/\/fecar.org.br\/index.php?rest_route=\/wp\/v2\/pages\/5060\/revisions\/6966"}],"wp:attachment":[{"href":"https:\/\/fecar.org.br\/index.php?rest_route=%2Fwp%2Fv2%2Fmedia&parent=5060"}],"curies":[{"name":"wp","href":"https:\/\/api.w.org\/{rel}","templated":true}]}}